{"id":155,"date":"2020-12-11T02:01:02","date_gmt":"2020-12-11T02:01:02","guid":{"rendered":"https:\/\/www.imcy.gov.co\/ninos\/?page_id=155"},"modified":"2020-12-15T02:58:25","modified_gmt":"2020-12-15T02:58:25","slug":"biblioteca","status":"publish","type":"page","link":"https:\/\/www.imcy.gov.co\/ninos\/biblioteca\/","title":{"rendered":"Biblioteca"},"content":{"rendered":"<section class=\"l-section wpb_row us_custom_5e059acb height_medium full_height valign_top with_img\"><div class=\"l-section-img\" data-img-width=\"1941\" data-img-height=\"1007\" style=\"background-image: url(https:\/\/www.imcy.gov.co\/ninos\/wp-content\/uploads\/2020\/12\/biblio-banner.jpg);background-repeat: no-repeat;\"><\/div><div class=\"l-section-h i-cf\"><div class=\"g-cols vc_row via_flex valign_top type_default stacking_default\"><div class=\"vc_col-sm-3 wpb_column vc_column_container\"><div class=\"vc_column-inner us_custom_b03640aa\"><div class=\"wpb_wrapper\"><\/div><\/div><\/div><div class=\"vc_col-sm-6 wpb_column vc_column_container\"><div class=\"vc_column-inner us_custom_e4f3b373\"><div class=\"wpb_wrapper\"><div class=\"w-image us_custom_266244a2 align_center us_animate_wfc\"><div class=\"w-image-h\"><img loading=\"lazy\" decoding=\"async\" width=\"772\" height=\"1123\" src=\"https:\/\/www.imcy.gov.co\/ninos\/wp-content\/uploads\/2020\/12\/imcy-biblioteca.png\" class=\"attachment-full size-full\" alt=\"\" srcset=\"https:\/\/www.imcy.gov.co\/ninos\/wp-content\/uploads\/2020\/12\/imcy-biblioteca.png 772w, https:\/\/www.imcy.gov.co\/ninos\/wp-content\/uploads\/2020\/12\/imcy-biblioteca-206x300.png 206w, https:\/\/www.imcy.gov.co\/ninos\/wp-content\/uploads\/2020\/12\/imcy-biblioteca-704x1024.png 704w\" sizes=\"auto, (max-width: 772px) 100vw, 772px\" \/><\/div><\/div><\/div><\/div><\/div><div class=\"vc_col-sm-3 wpb_column vc_column_container\"><div class=\"vc_column-inner\"><div class=\"wpb_wrapper\"><\/div><\/div><\/div><\/div><\/div><\/section><section class=\"l-section wpb_row height_small\"><div class=\"l-section-h i-cf\"><div class=\"g-cols vc_row via_flex valign_top type_default stacking_default\"><div class=\"vc_col-sm-12 wpb_column vc_column_container\"><div class=\"vc_column-inner\"><div class=\"wpb_wrapper\"><div class=\"g-cols wpb_row via_flex valign_top type_default stacking_default\"><div class=\"vc_col-sm-2 wpb_column vc_column_container\"><div class=\"vc_column-inner\"><div class=\"wpb_wrapper\"><\/div><\/div><\/div><div class=\"vc_col-sm-8 wpb_column vc_column_container\"><div class=\"vc_column-inner us_custom_044f310d\"><div class=\"wpb_wrapper\"><div class=\"wpb_text_column us_custom_88eca68e\"><div class=\"wpb_wrapper\"><p><iframe loading=\"lazy\" src=\"https:\/\/www.youtube.com\/embed\/1Zy8wU8H0wA\" width=\"100%\" height=\"450\" frameborder=\"0\" allowfullscreen=\"allowfullscreen\"><\/iframe><\/p>\n<\/div><\/div><div class=\"wpb_text_column us_custom_1bfda03a has_text_color\"><div class=\"wpb_wrapper\"><p>La Biblioteca del Instituto Municipal de Cultura de Yumbo IMCY, se encuentra disponible para todos los habitantes del municipio ofreciendo un espacio de consulta, aprendizaje e investigaci\u00f3n que promueve el crecimiento intelectual, cultural y art\u00edstico de todos sus visitantes. Se encuentra ubicada en la Carrera 5 # 8-58 barrio Belalc\u00e1zar, donde podr\u00e1s encontrar los siguientes servicios entre<\/p>\n<\/div><\/div><\/div><\/div><\/div><div class=\"vc_col-sm-2 wpb_column vc_column_container\"><div class=\"vc_column-inner\"><div class=\"wpb_wrapper\"><\/div><\/div><\/div><\/div><\/div><\/div><\/div><\/div><\/div><\/section><section class=\"l-section wpb_row height_small width_full with_img\"><div class=\"l-section-img\" data-img-width=\"1917\" data-img-height=\"1141\" style=\"background-image: url(https:\/\/www.imcy.gov.co\/ninos\/wp-content\/uploads\/2020\/12\/banner-books.jpg);\"><\/div><div class=\"l-section-h i-cf\"><div class=\"g-cols vc_row via_flex valign_top type_default stacking_default\"><div class=\"vc_col-sm-12 wpb_column vc_column_container\"><div class=\"vc_column-inner\"><div class=\"wpb_wrapper\"><div class=\"w-grid type_grid layout_blog_cards cols_3 overflow_hidden\" id=\"us_grid_1\" style=\"--gap:0.5rem;\" data-filterable=\"true\"><style>@media (max-width:1024px){#us_grid_1 .w-grid-item{width:50%}}@media (max-width:600px){#us_grid_1 .w-grid-list{margin:0}#us_grid_1 .w-grid-item{width:100%;padding:0;margin-bottom:var(--gap,0px)}}.layout_blog_cards .w-grid-item-h{background:var(--color-content-bg);color:var(--color-content-text);border-radius:0.3rem;box-shadow:0 0.03rem 0.06rem rgba(0,0,0,0.1),0 0.1rem 0.3rem rgba(0,0,0,0.1);transition-duration:0.3s}.no-touch .layout_blog_cards .w-grid-item-h:hover{box-shadow:0 0.1rem 0.2rem rgba(0,0,0,0.1),0 0.33rem 1rem rgba(0,0,0,0.15);z-index:4}.layout_blog_cards .usg_post_image_1{margin-bottom:-2rem!important}.layout_blog_cards .usg_post_title_1{font-size:1.4rem!important;font-weight:700!important}.layout_blog_cards .usg_vwrapper_1{margin-top:2rem!important;padding:9% 11% 11% 11%!important}.layout_blog_cards .usg_post_taxonomy_1{font-weight:700!important;text-transform:uppercase!important;font-size:10px!important;position:absolute!important;z-index:2!important;top:1.2rem!important;right:1.2rem!important;left:1.2rem!important}.layout_blog_cards .usg_hwrapper_1{color:var(--color-content-faded)!important;font-size:0.9rem!important}@media (max-width:600px){.layout_blog_cards .usg_post_title_1{font-size:1.2rem!important}}<\/style><div class=\"w-grid-list\">\t<article class=\"w-grid-item size_1x1 post-200 servicios_biblioteca type-servicios_biblioteca status-publish has-post-thumbnail hentry\" data-id=\"200\">\r\n\t\t<div class=\"w-grid-item-h\">\r\n\t\t\t\t\t\t<div class=\"w-post-elm post_image usg_post_image_1 stretched\"><a href=\"https:\/\/www.imcy.gov.co\/ninos\/servicios_biblioteca\/sala-de-consulta\/\" aria-label=\"Sala de Consulta\"><img loading=\"lazy\" decoding=\"async\" width=\"579\" height=\"337\" src=\"https:\/\/www.imcy.gov.co\/ninos\/wp-content\/uploads\/2020\/12\/sala-de-consulta.jpg\" class=\"attachment-large size-large wp-post-image\" alt=\"\" srcset=\"https:\/\/www.imcy.gov.co\/ninos\/wp-content\/uploads\/2020\/12\/sala-de-consulta.jpg 579w, https:\/\/www.imcy.gov.co\/ninos\/wp-content\/uploads\/2020\/12\/sala-de-consulta-300x175.jpg 300w\" sizes=\"auto, (max-width: 579px) 100vw, 579px\" \/><\/a><\/div><div class=\"w-vwrapper usg_vwrapper_1 align_none valign_top\"><h2 class=\"w-post-elm post_title usg_post_title_1 entry-title color_link_inherit\"><a href=\"https:\/\/www.imcy.gov.co\/ninos\/servicios_biblioteca\/sala-de-consulta\/\">Sala de Consulta<\/a><\/h2><div class=\"w-hwrapper usg_hwrapper_1 has_text_color align_none valign_top wrap\"><time class=\"w-post-elm post_date usg_post_date_1 entry-date published\" datetime=\"2020-12-15T00:49:39+00:00\" title=\"15 diciembre 2020 a las 00:49:39 +00:00\">hace 5 a\u00f1os<\/time><\/div><div class=\"w-post-elm post_content usg_post_content_1\">La Biblioteca tiene salas en las que se pueden consultar las colecciones y usar equipos que facilitan el acceso y&hellip;<\/div><\/div>\t\t<\/div>\r\n\t<\/article>\r\n\t<article class=\"w-grid-item size_1x1 post-199 servicios_biblioteca type-servicios_biblioteca status-publish has-post-thumbnail hentry\" data-id=\"199\">\r\n\t\t<div class=\"w-grid-item-h\">\r\n\t\t\t\t\t\t<div class=\"w-post-elm post_image usg_post_image_1 stretched\"><a href=\"https:\/\/www.imcy.gov.co\/ninos\/servicios_biblioteca\/prestamo-externo\/\" aria-label=\"Pr\u00e9stamo Externo\"><img loading=\"lazy\" decoding=\"async\" width=\"579\" height=\"337\" src=\"https:\/\/www.imcy.gov.co\/ninos\/wp-content\/uploads\/2020\/12\/prestamo-externo.jpg\" class=\"attachment-large size-large wp-post-image\" alt=\"\" srcset=\"https:\/\/www.imcy.gov.co\/ninos\/wp-content\/uploads\/2020\/12\/prestamo-externo.jpg 579w, https:\/\/www.imcy.gov.co\/ninos\/wp-content\/uploads\/2020\/12\/prestamo-externo-300x175.jpg 300w\" sizes=\"auto, (max-width: 579px) 100vw, 579px\" \/><\/a><\/div><div class=\"w-vwrapper usg_vwrapper_1 align_none valign_top\"><h2 class=\"w-post-elm post_title usg_post_title_1 entry-title color_link_inherit\"><a href=\"https:\/\/www.imcy.gov.co\/ninos\/servicios_biblioteca\/prestamo-externo\/\">Pr\u00e9stamo Externo<\/a><\/h2><div class=\"w-hwrapper usg_hwrapper_1 has_text_color align_none valign_top wrap\"><time class=\"w-post-elm post_date usg_post_date_1 entry-date published\" datetime=\"2020-12-15T00:49:02+00:00\" title=\"15 diciembre 2020 a las 00:49:02 +00:00\">hace 5 a\u00f1os<\/time><\/div><div class=\"w-post-elm post_content usg_post_content_1\">Dispones de materiales de lectura en distintos soportes para ser usados y consultados libremente por sus visitantes en sus salas&hellip;<\/div><\/div>\t\t<\/div>\r\n\t<\/article>\r\n\t<article class=\"w-grid-item size_1x1 post-198 servicios_biblioteca type-servicios_biblioteca status-publish has-post-thumbnail hentry\" data-id=\"198\">\r\n\t\t<div class=\"w-grid-item-h\">\r\n\t\t\t\t\t\t<div class=\"w-post-elm post_image usg_post_image_1 stretched\"><a href=\"https:\/\/www.imcy.gov.co\/ninos\/servicios_biblioteca\/sala-infantil\/\" aria-label=\"Sala Infantil\"><img loading=\"lazy\" decoding=\"async\" width=\"579\" height=\"337\" src=\"https:\/\/www.imcy.gov.co\/ninos\/wp-content\/uploads\/2020\/12\/sala-infantil.jpg\" class=\"attachment-large size-large wp-post-image\" alt=\"\" srcset=\"https:\/\/www.imcy.gov.co\/ninos\/wp-content\/uploads\/2020\/12\/sala-infantil.jpg 579w, https:\/\/www.imcy.gov.co\/ninos\/wp-content\/uploads\/2020\/12\/sala-infantil-300x175.jpg 300w\" sizes=\"auto, (max-width: 579px) 100vw, 579px\" \/><\/a><\/div><div class=\"w-vwrapper usg_vwrapper_1 align_none valign_top\"><h2 class=\"w-post-elm post_title usg_post_title_1 entry-title color_link_inherit\"><a href=\"https:\/\/www.imcy.gov.co\/ninos\/servicios_biblioteca\/sala-infantil\/\">Sala Infantil<\/a><\/h2><div class=\"w-hwrapper usg_hwrapper_1 has_text_color align_none valign_top wrap\"><time class=\"w-post-elm post_date usg_post_date_1 entry-date published\" datetime=\"2020-12-15T00:47:53+00:00\" title=\"15 diciembre 2020 a las 00:47:53 +00:00\">hace 5 a\u00f1os<\/time><\/div><div class=\"w-post-elm post_content usg_post_content_1\">La biblioteca infantil es una Unidad de Informaci\u00f3n que tiene como funci\u00f3n crear, incentivar y fortalecer el desarrollo del conocimiento&hellip;<\/div><\/div>\t\t<\/div>\r\n\t<\/article>\r\n\t<article class=\"w-grid-item size_1x1 post-197 servicios_biblioteca type-servicios_biblioteca status-publish has-post-thumbnail hentry\" data-id=\"197\">\r\n\t\t<div class=\"w-grid-item-h\">\r\n\t\t\t\t\t\t<div class=\"w-post-elm post_image usg_post_image_1 stretched\"><a href=\"https:\/\/www.imcy.gov.co\/ninos\/servicios_biblioteca\/carnetizacion\/\" aria-label=\"Carnetizaci\u00f3n\"><img loading=\"lazy\" decoding=\"async\" width=\"579\" height=\"337\" src=\"https:\/\/www.imcy.gov.co\/ninos\/wp-content\/uploads\/2020\/12\/carnetizacion.jpg\" class=\"attachment-large size-large wp-post-image\" alt=\"\" srcset=\"https:\/\/www.imcy.gov.co\/ninos\/wp-content\/uploads\/2020\/12\/carnetizacion.jpg 579w, https:\/\/www.imcy.gov.co\/ninos\/wp-content\/uploads\/2020\/12\/carnetizacion-300x175.jpg 300w\" sizes=\"auto, (max-width: 579px) 100vw, 579px\" \/><\/a><\/div><div class=\"w-vwrapper usg_vwrapper_1 align_none valign_top\"><h2 class=\"w-post-elm post_title usg_post_title_1 entry-title color_link_inherit\"><a href=\"https:\/\/www.imcy.gov.co\/ninos\/servicios_biblioteca\/carnetizacion\/\">Carnetizaci\u00f3n<\/a><\/h2><div class=\"w-hwrapper usg_hwrapper_1 has_text_color align_none valign_top wrap\"><time class=\"w-post-elm post_date usg_post_date_1 entry-date published\" datetime=\"2020-12-15T00:46:57+00:00\" title=\"15 diciembre 2020 a las 00:46:57 +00:00\">hace 5 a\u00f1os<\/time><\/div><div class=\"w-post-elm post_content usg_post_content_1\">Los estudiantes universitarios, investigadores o personas interesadas en conocer el patrimonio bibliogr\u00e1fico y documental del pa\u00eds, pueden entrar a cualquiera&hellip;<\/div><\/div>\t\t<\/div>\r\n\t<\/article>\r\n\t<article class=\"w-grid-item size_1x1 post-195 servicios_biblioteca type-servicios_biblioteca status-publish has-post-thumbnail hentry\" data-id=\"195\">\r\n\t\t<div class=\"w-grid-item-h\">\r\n\t\t\t\t\t\t<div class=\"w-post-elm post_image usg_post_image_1 stretched\"><a href=\"https:\/\/www.imcy.gov.co\/ninos\/servicios_biblioteca\/salas-de-sistemas\/\" aria-label=\"Salas de Sistemas\"><img loading=\"lazy\" decoding=\"async\" width=\"579\" height=\"337\" src=\"https:\/\/www.imcy.gov.co\/ninos\/wp-content\/uploads\/2020\/12\/sala-de-sistemas.jpg\" class=\"attachment-large size-large wp-post-image\" alt=\"\" srcset=\"https:\/\/www.imcy.gov.co\/ninos\/wp-content\/uploads\/2020\/12\/sala-de-sistemas.jpg 579w, https:\/\/www.imcy.gov.co\/ninos\/wp-content\/uploads\/2020\/12\/sala-de-sistemas-300x175.jpg 300w\" sizes=\"auto, (max-width: 579px) 100vw, 579px\" \/><\/a><\/div><div class=\"w-vwrapper usg_vwrapper_1 align_none valign_top\"><h2 class=\"w-post-elm post_title usg_post_title_1 entry-title color_link_inherit\"><a href=\"https:\/\/www.imcy.gov.co\/ninos\/servicios_biblioteca\/salas-de-sistemas\/\">Salas de Sistemas<\/a><\/h2><div class=\"w-hwrapper usg_hwrapper_1 has_text_color align_none valign_top wrap\"><time class=\"w-post-elm post_date usg_post_date_1 entry-date published\" datetime=\"2020-12-15T00:44:46+00:00\" title=\"15 diciembre 2020 a las 00:44:46 +00:00\">hace 5 a\u00f1os<\/time><\/div><div class=\"w-post-elm post_content usg_post_content_1\">Aprovecha tu tiempo libre de lunes a viernes para acercarte a la tecnolog\u00eda, realizar tus tareas o tomar cursos b\u00e1sicos&hellip;<\/div><\/div>\t\t<\/div>\r\n\t<\/article>\r\n\t<article class=\"w-grid-item size_1x1 post-188 servicios_biblioteca type-servicios_biblioteca status-publish has-post-thumbnail hentry\" data-id=\"188\">\r\n\t\t<div class=\"w-grid-item-h\">\r\n\t\t\t\t\t\t<div class=\"w-post-elm post_image usg_post_image_1 stretched\"><a href=\"https:\/\/www.imcy.gov.co\/ninos\/servicios_biblioteca\/hemeroteca\/\" aria-label=\"Hemeroteca\"><img loading=\"lazy\" decoding=\"async\" width=\"579\" height=\"337\" src=\"https:\/\/www.imcy.gov.co\/ninos\/wp-content\/uploads\/2020\/12\/hemeroteca.jpg\" class=\"attachment-large size-large wp-post-image\" alt=\"\" srcset=\"https:\/\/www.imcy.gov.co\/ninos\/wp-content\/uploads\/2020\/12\/hemeroteca.jpg 579w, https:\/\/www.imcy.gov.co\/ninos\/wp-content\/uploads\/2020\/12\/hemeroteca-300x175.jpg 300w\" sizes=\"auto, (max-width: 579px) 100vw, 579px\" \/><\/a><\/div><div class=\"w-vwrapper usg_vwrapper_1 align_none valign_top\"><h2 class=\"w-post-elm post_title usg_post_title_1 entry-title color_link_inherit\"><a href=\"https:\/\/www.imcy.gov.co\/ninos\/servicios_biblioteca\/hemeroteca\/\">Hemeroteca<\/a><\/h2><div class=\"w-hwrapper usg_hwrapper_1 has_text_color align_none valign_top wrap\"><time class=\"w-post-elm post_date usg_post_date_1 entry-date published\" datetime=\"2020-12-15T00:42:15+00:00\" title=\"15 diciembre 2020 a las 00:42:15 +00:00\">hace 5 a\u00f1os<\/time><\/div><div class=\"w-post-elm post_content usg_post_content_1\">En esta sala puedes acceder a, revistas, peri\u00f3dicos, etc. tambi\u00e9n puedes consultar los peri\u00f3dicos del d\u00eda y los \u00faltimos n\u00fameros&hellip;<\/div><\/div>\t\t<\/div>\r\n\t<\/article>\r\n<\/div><div class=\"w-grid-preloader\"><div class=\"g-preloader type_1\">\r\n\t<div><\/div>\r\n<\/div>\r\n<\/div>\t<div class=\"w-grid-json hidden\" onclick='return {&quot;action&quot;:&quot;us_ajax_grid&quot;,&quot;ajax_url&quot;:&quot;https:\\\/\\\/www.imcy.gov.co\\\/ninos\\\/wp-admin\\\/admin-ajax.php&quot;,&quot;infinite_scroll&quot;:0,&quot;max_num_pages&quot;:1,&quot;pagination&quot;:&quot;none&quot;,&quot;permalink_url&quot;:&quot;https:\\\/\\\/www.imcy.gov.co\\\/ninos\\\/wp-json\\\/wp\\\/v2\\\/pages\\\/155&quot;,&quot;template_vars&quot;:{&quot;columns&quot;:&quot;3&quot;,&quot;exclude_items&quot;:&quot;none&quot;,&quot;img_size&quot;:&quot;default&quot;,&quot;ignore_items_size&quot;:0,&quot;items_layout&quot;:&quot;blog_cards&quot;,&quot;items_offset&quot;:&quot;1&quot;,&quot;load_animation&quot;:&quot;none&quot;,&quot;overriding_link&quot;:&quot;none&quot;,&quot;post_id&quot;:0,&quot;query_args&quot;:{&quot;post_type&quot;:[&quot;servicios_biblioteca&quot;],&quot;post_status&quot;:[&quot;publish&quot;],&quot;posts_per_page&quot;:&quot;10&quot;},&quot;orderby_query_args&quot;:{&quot;orderby&quot;:{&quot;date&quot;:&quot;DESC&quot;}},&quot;type&quot;:&quot;grid&quot;,&quot;us_grid_ajax_index&quot;:1,&quot;us_grid_filter_params&quot;:null,&quot;us_grid_index&quot;:1,&quot;_us_grid_post_type&quot;:&quot;servicios_biblioteca&quot;,&quot;page_args&quot;:[]}}'><\/div>\r\n\t<\/div><\/div><\/div><\/div><\/div><\/div><\/section><section class=\"l-section wpb_row height_small\"><div class=\"l-section-h i-cf\"><div class=\"g-cols vc_row via_flex valign_top type_default stacking_default\"><div class=\"vc_col-sm-12 wpb_column vc_column_container\"><div class=\"vc_column-inner\"><div class=\"wpb_wrapper\"><div class=\"g-cols wpb_row via_flex valign_top type_default stacking_default\"><div class=\"vc_col-sm-2 wpb_column vc_column_container\"><div class=\"vc_column-inner\"><div class=\"wpb_wrapper\"><\/div><\/div><\/div><div class=\"vc_col-sm-8 wpb_column vc_column_container\"><div class=\"vc_column-inner us_custom_044f310d\"><div class=\"wpb_wrapper\"><div class=\"w-image align_center\"><div class=\"w-image-h\"><img loading=\"lazy\" decoding=\"async\" width=\"660\" height=\"337\" src=\"https:\/\/www.imcy.gov.co\/ninos\/wp-content\/uploads\/2020\/12\/biblioteca-municipal-logo.jpg\" class=\"attachment-large size-large\" alt=\"\" srcset=\"https:\/\/www.imcy.gov.co\/ninos\/wp-content\/uploads\/2020\/12\/biblioteca-municipal-logo.jpg 660w, https:\/\/www.imcy.gov.co\/ninos\/wp-content\/uploads\/2020\/12\/biblioteca-municipal-logo-300x153.jpg 300w\" sizes=\"auto, (max-width: 660px) 100vw, 660px\" \/><\/div><\/div><\/div><\/div><\/div><div class=\"vc_col-sm-2 wpb_column vc_column_container\"><div class=\"vc_column-inner\"><div class=\"wpb_wrapper\"><\/div><\/div><\/div><\/div><\/div><\/div><\/div><\/div><\/div><\/section>\n","protected":false},"excerpt":{"rendered":"En esta sala puedes acceder a, revistas, peri\u00f3dicos, etc. tambi\u00e9n puedes consultar los peri\u00f3dicos del d\u00eda y los \u00faltimos n\u00fameros de distintas revistas colombianas.","protected":false},"author":1,"featured_media":0,"parent":0,"menu_order":0,"comment_status":"closed","ping_status":"closed","template":"","meta":{"footnotes":""},"class_list":["post-155","page","type-page","status-publish","hentry"],"_links":{"self":[{"href":"https:\/\/www.imcy.gov.co\/ninos\/wp-json\/wp\/v2\/pages\/155","targetHints":{"allow":["GET"]}}],"collection":[{"href":"https:\/\/www.imcy.gov.co\/ninos\/wp-json\/wp\/v2\/pages"}],"about":[{"href":"https:\/\/www.imcy.gov.co\/ninos\/wp-json\/wp\/v2\/types\/page"}],"author":[{"embeddable":true,"href":"https:\/\/www.imcy.gov.co\/ninos\/wp-json\/wp\/v2\/users\/1"}],"replies":[{"embeddable":true,"href":"https:\/\/www.imcy.gov.co\/ninos\/wp-json\/wp\/v2\/comments?post=155"}],"version-history":[{"count":29,"href":"https:\/\/www.imcy.gov.co\/ninos\/wp-json\/wp\/v2\/pages\/155\/revisions"}],"predecessor-version":[{"id":165,"href":"https:\/\/www.imcy.gov.co\/ninos\/wp-json\/wp\/v2\/pages\/155\/revisions\/165"}],"wp:attachment":[{"href":"https:\/\/www.imcy.gov.co\/ninos\/wp-json\/wp\/v2\/media?parent=155"}],"curies":[{"name":"wp","href":"https:\/\/api.w.org\/{rel}","templated":true}]}}